{"id":5935,"date":"2025-02-11T10:10:51","date_gmt":"2025-02-11T13:10:51","guid":{"rendered":"https:\/\/devtestemangue.com.br\/valber\/lux-concept\/?post_type=product&#038;p=5935"},"modified":"2026-01-29T15:48:14","modified_gmt":"2026-01-29T18:48:14","slug":"1307-1202b","status":"publish","type":"product","link":"https:\/\/luxconcept.com.br\/en\/product\/1307-1202b\/","title":{"rendered":"1307-1202B"},"content":{"rendered":"<p><span data-sheets-root=\"1\">M\u00d3DULO LED COB 13W 1.200LM, PCB EM METAL CORE 13,5X13,5MM, LES 7,4MM, IRC&gt;90, TEMPERATURAS DE COR DISPON\u00cdVEIS 2.700K, 3.000K E 4.000K<\/span><\/p>\n<p>EMBALAGEM COM 50 PE\u00c7AS A CAIXA.<\/p>","protected":false},"excerpt":{"rendered":"<p><span data-sheets-root=\"1\">M\u00d3DULO LED COB 13W 1.200LM, PCB EM METAL CORE 13,5X13,5MM, LES 7,4MM, IRC&gt;90, TEMPERATURAS DE COR DISPON\u00cdVEIS 2.700K, 3.000K E 4.000K<\/span><\/p>\n<p>EMBALAGEM COM 50 PE\u00c7AS A CAIXA.<\/p>","protected":false},"featured_media":5936,"comment_status":"open","ping_status":"closed","template":"","meta":[],"product_brand":[],"product_cat":[94,89,90,111,97,102],"product_tag":[],"class_list":{"0":"post-5935","1":"product","2":"type-product","3":"status-publish","4":"has-post-thumbnail","6":"product_cat-iluminacao-led-arquitetural","7":"product_cat-iluminacao-led-comercial","8":"product_cat-iluminacao-led-residencial","9":"product_cat-modulos-led-cob-iluminacao-led-arquitetural","10":"product_cat-modulos-led-cob","11":"product_cat-modulos-led-cob-iluminacao-led-residencial","13":"first","14":"instock","15":"sold-individually","16":"shipping-taxable","17":"purchasable","18":"product-type-simple"},"yoast_head":"<!-- This site is optimized with the Yoast SEO plugin v27.4 - https:\/\/yoast.com\/product\/yoast-seo-wordpress\/ -->\n<title>1307-1202B - Lux Concept<\/title>\n<meta name=\"robots\" content=\"index, follow, max-snippet:-1, max-image-preview:large, max-video-preview:-1\" \/>\n<link rel=\"canonical\" href=\"https:\/\/luxconcept.com.br\/en\/product\/1307-1202b\/\" \/>\n<meta property=\"og:locale\" content=\"en_US\" \/>\n<meta property=\"og:type\" content=\"article\" \/>\n<meta property=\"og:title\" content=\"1307-1202B - Lux Concept\" \/>\n<meta property=\"og:description\" content=\"M\u00d3DULO LED COB 13W 1.200LM, PCB EM METAL CORE 13,5X13,5MM, LES 7,4MM, IRC&gt;90, TEMPERATURAS DE COR DISPON\u00cdVEIS 2.700K, 3.000K E 4.000K  EMBALAGEM COM 50 PE\u00c7AS A CAIXA.\" \/>\n<meta property=\"og:url\" content=\"https:\/\/luxconcept.com.br\/en\/product\/1307-1202b\/\" \/>\n<meta property=\"og:site_name\" content=\"Lux Concept\" \/>\n<meta property=\"article:modified_time\" content=\"2026-01-29T18:48:14+00:00\" \/>\n<meta property=\"og:image\" content=\"http:\/\/luxconcept.com.br\/wp-content\/uploads\/2025\/02\/1202B-2790-scaled.jpg\" \/>\n\t<meta property=\"og:image:width\" content=\"2560\" \/>\n\t<meta property=\"og:image:height\" content=\"2560\" \/>\n\t<meta property=\"og:image:type\" content=\"image\/jpeg\" \/>\n<meta name=\"twitter:card\" content=\"summary_large_image\" \/>\n<meta name=\"twitter:label1\" content=\"Est. reading time\" \/>\n\t<meta name=\"twitter:data1\" content=\"1 minute\" \/>\n<script type=\"application\/ld+json\" class=\"yoast-schema-graph\">{\"@context\":\"https:\\\/\\\/schema.org\",\"@graph\":[{\"@type\":\"WebPage\",\"@id\":\"https:\\\/\\\/luxconcept.com.br\\\/produto\\\/1307-1202b\\\/\",\"url\":\"https:\\\/\\\/luxconcept.com.br\\\/produto\\\/1307-1202b\\\/\",\"name\":\"1307-1202B - Lux Concept\",\"isPartOf\":{\"@id\":\"https:\\\/\\\/luxconcept.com.br\\\/#website\"},\"primaryImageOfPage\":{\"@id\":\"https:\\\/\\\/luxconcept.com.br\\\/produto\\\/1307-1202b\\\/#primaryimage\"},\"image\":{\"@id\":\"https:\\\/\\\/luxconcept.com.br\\\/produto\\\/1307-1202b\\\/#primaryimage\"},\"thumbnailUrl\":\"https:\\\/\\\/luxconcept.com.br\\\/wp-content\\\/uploads\\\/2025\\\/02\\\/1202B-2790-scaled.jpg\",\"datePublished\":\"2025-02-11T13:10:51+00:00\",\"dateModified\":\"2026-01-29T18:48:14+00:00\",\"breadcrumb\":{\"@id\":\"https:\\\/\\\/luxconcept.com.br\\\/produto\\\/1307-1202b\\\/#breadcrumb\"},\"inLanguage\":\"en-US\",\"potentialAction\":[{\"@type\":\"ReadAction\",\"target\":[\"https:\\\/\\\/luxconcept.com.br\\\/produto\\\/1307-1202b\\\/\"]}]},{\"@type\":\"ImageObject\",\"inLanguage\":\"en-US\",\"@id\":\"https:\\\/\\\/luxconcept.com.br\\\/produto\\\/1307-1202b\\\/#primaryimage\",\"url\":\"https:\\\/\\\/luxconcept.com.br\\\/wp-content\\\/uploads\\\/2025\\\/02\\\/1202B-2790-scaled.jpg\",\"contentUrl\":\"https:\\\/\\\/luxconcept.com.br\\\/wp-content\\\/uploads\\\/2025\\\/02\\\/1202B-2790-scaled.jpg\",\"width\":2560,\"height\":2560},{\"@type\":\"BreadcrumbList\",\"@id\":\"https:\\\/\\\/luxconcept.com.br\\\/produto\\\/1307-1202b\\\/#breadcrumb\",\"itemListElement\":[{\"@type\":\"ListItem\",\"position\":1,\"name\":\"In\u00edcio\",\"item\":\"https:\\\/\\\/luxconcept.com.br\\\/\"},{\"@type\":\"ListItem\",\"position\":2,\"name\":\"Nossos Produtos\",\"item\":\"https:\\\/\\\/luxconcept.com.br\\\/shop\\\/\"},{\"@type\":\"ListItem\",\"position\":3,\"name\":\"1307-1202B\"}]},{\"@type\":\"WebSite\",\"@id\":\"https:\\\/\\\/luxconcept.com.br\\\/#website\",\"url\":\"https:\\\/\\\/luxconcept.com.br\\\/\",\"name\":\"Lux Concept\",\"description\":\"Fabrica\u00e7\u00e3o de lumin\u00e1rias com tecnologia LED\",\"publisher\":{\"@id\":\"https:\\\/\\\/luxconcept.com.br\\\/#organization\"},\"potentialAction\":[{\"@type\":\"SearchAction\",\"target\":{\"@type\":\"EntryPoint\",\"urlTemplate\":\"https:\\\/\\\/luxconcept.com.br\\\/?s={search_term_string}\"},\"query-input\":{\"@type\":\"PropertyValueSpecification\",\"valueRequired\":true,\"valueName\":\"search_term_string\"}}],\"inLanguage\":\"en-US\"},{\"@type\":\"Organization\",\"@id\":\"https:\\\/\\\/luxconcept.com.br\\\/#organization\",\"name\":\"Lux Concept\",\"url\":\"https:\\\/\\\/luxconcept.com.br\\\/\",\"logo\":{\"@type\":\"ImageObject\",\"inLanguage\":\"en-US\",\"@id\":\"https:\\\/\\\/luxconcept.com.br\\\/#\\\/schema\\\/logo\\\/image\\\/\",\"url\":\"http:\\\/\\\/luxconcept.com.br\\\/wp-content\\\/uploads\\\/2025\\\/01\\\/logo-500px.png\",\"contentUrl\":\"http:\\\/\\\/luxconcept.com.br\\\/wp-content\\\/uploads\\\/2025\\\/01\\\/logo-500px.png\",\"width\":500,\"height\":198,\"caption\":\"Lux Concept\"},\"image\":{\"@id\":\"https:\\\/\\\/luxconcept.com.br\\\/#\\\/schema\\\/logo\\\/image\\\/\"}}]}<\/script>\n<!-- \/ Yoast SEO plugin. -->","yoast_head_json":{"title":"1307-1202B - Lux Concept","robots":{"index":"index","follow":"follow","max-snippet":"max-snippet:-1","max-image-preview":"max-image-preview:large","max-video-preview":"max-video-preview:-1"},"canonical":"https:\/\/luxconcept.com.br\/en\/product\/1307-1202b\/","og_locale":"en_US","og_type":"article","og_title":"1307-1202B - Lux Concept","og_description":"M\u00d3DULO LED COB 13W 1.200LM, PCB EM METAL CORE 13,5X13,5MM, LES 7,4MM, IRC&gt;90, TEMPERATURAS DE COR DISPON\u00cdVEIS 2.700K, 3.000K E 4.000K  EMBALAGEM COM 50 PE\u00c7AS A CAIXA.","og_url":"https:\/\/luxconcept.com.br\/en\/product\/1307-1202b\/","og_site_name":"Lux Concept","article_modified_time":"2026-01-29T18:48:14+00:00","og_image":[{"width":2560,"height":2560,"url":"http:\/\/luxconcept.com.br\/wp-content\/uploads\/2025\/02\/1202B-2790-scaled.jpg","type":"image\/jpeg"}],"twitter_card":"summary_large_image","twitter_misc":{"Est. reading time":"1 minute"},"schema":{"@context":"https:\/\/schema.org","@graph":[{"@type":"WebPage","@id":"https:\/\/luxconcept.com.br\/produto\/1307-1202b\/","url":"https:\/\/luxconcept.com.br\/produto\/1307-1202b\/","name":"1307-1202B - Lux Concept","isPartOf":{"@id":"https:\/\/luxconcept.com.br\/#website"},"primaryImageOfPage":{"@id":"https:\/\/luxconcept.com.br\/produto\/1307-1202b\/#primaryimage"},"image":{"@id":"https:\/\/luxconcept.com.br\/produto\/1307-1202b\/#primaryimage"},"thumbnailUrl":"https:\/\/luxconcept.com.br\/wp-content\/uploads\/2025\/02\/1202B-2790-scaled.jpg","datePublished":"2025-02-11T13:10:51+00:00","dateModified":"2026-01-29T18:48:14+00:00","breadcrumb":{"@id":"https:\/\/luxconcept.com.br\/produto\/1307-1202b\/#breadcrumb"},"inLanguage":"en-US","potentialAction":[{"@type":"ReadAction","target":["https:\/\/luxconcept.com.br\/produto\/1307-1202b\/"]}]},{"@type":"ImageObject","inLanguage":"en-US","@id":"https:\/\/luxconcept.com.br\/produto\/1307-1202b\/#primaryimage","url":"https:\/\/luxconcept.com.br\/wp-content\/uploads\/2025\/02\/1202B-2790-scaled.jpg","contentUrl":"https:\/\/luxconcept.com.br\/wp-content\/uploads\/2025\/02\/1202B-2790-scaled.jpg","width":2560,"height":2560},{"@type":"BreadcrumbList","@id":"https:\/\/luxconcept.com.br\/produto\/1307-1202b\/#breadcrumb","itemListElement":[{"@type":"ListItem","position":1,"name":"In\u00edcio","item":"https:\/\/luxconcept.com.br\/"},{"@type":"ListItem","position":2,"name":"Nossos Produtos","item":"https:\/\/luxconcept.com.br\/shop\/"},{"@type":"ListItem","position":3,"name":"1307-1202B"}]},{"@type":"WebSite","@id":"https:\/\/luxconcept.com.br\/#website","url":"https:\/\/luxconcept.com.br\/","name":"Lux Concept","description":"Fabrica\u00e7\u00e3o de lumin\u00e1rias com tecnologia LED","publisher":{"@id":"https:\/\/luxconcept.com.br\/#organization"},"potentialAction":[{"@type":"SearchAction","target":{"@type":"EntryPoint","urlTemplate":"https:\/\/luxconcept.com.br\/?s={search_term_string}"},"query-input":{"@type":"PropertyValueSpecification","valueRequired":true,"valueName":"search_term_string"}}],"inLanguage":"en-US"},{"@type":"Organization","@id":"https:\/\/luxconcept.com.br\/#organization","name":"Lux Concept","url":"https:\/\/luxconcept.com.br\/","logo":{"@type":"ImageObject","inLanguage":"en-US","@id":"https:\/\/luxconcept.com.br\/#\/schema\/logo\/image\/","url":"http:\/\/luxconcept.com.br\/wp-content\/uploads\/2025\/01\/logo-500px.png","contentUrl":"http:\/\/luxconcept.com.br\/wp-content\/uploads\/2025\/01\/logo-500px.png","width":500,"height":198,"caption":"Lux Concept"},"image":{"@id":"https:\/\/luxconcept.com.br\/#\/schema\/logo\/image\/"}}]}},"_links":{"self":[{"href":"https:\/\/luxconcept.com.br\/en\/wp-json\/wp\/v2\/product\/5935","targetHints":{"allow":["GET"]}}],"collection":[{"href":"https:\/\/luxconcept.com.br\/en\/wp-json\/wp\/v2\/product"}],"about":[{"href":"https:\/\/luxconcept.com.br\/en\/wp-json\/wp\/v2\/types\/product"}],"replies":[{"embeddable":true,"href":"https:\/\/luxconcept.com.br\/en\/wp-json\/wp\/v2\/comments?post=5935"}],"wp:featuredmedia":[{"embeddable":true,"href":"https:\/\/luxconcept.com.br\/en\/wp-json\/wp\/v2\/media\/5936"}],"wp:attachment":[{"href":"https:\/\/luxconcept.com.br\/en\/wp-json\/wp\/v2\/media?parent=5935"}],"wp:term":[{"taxonomy":"product_brand","embeddable":true,"href":"https:\/\/luxconcept.com.br\/en\/wp-json\/wp\/v2\/product_brand?post=5935"},{"taxonomy":"product_cat","embeddable":true,"href":"https:\/\/luxconcept.com.br\/en\/wp-json\/wp\/v2\/product_cat?post=5935"},{"taxonomy":"product_tag","embeddable":true,"href":"https:\/\/luxconcept.com.br\/en\/wp-json\/wp\/v2\/product_tag?post=5935"}],"curies":[{"name":"wp","href":"https:\/\/api.w.org\/{rel}","templated":true}]}}