{"id":5764,"date":"2025-02-20T09:02:42","date_gmt":"2025-02-20T12:02:42","guid":{"rendered":"https:\/\/devtestemangue.com.br\/valber\/lux-concept\/?post_type=product&#038;p=5764"},"modified":"2025-03-21T14:48:38","modified_gmt":"2025-03-21T17:48:38","slug":"dk-69-24-lens-5s","status":"publish","type":"product","link":"https:\/\/luxconcept.com.br\/en\/product\/dk-69-24-lens-5s\/","title":{"rendered":"DK-69-24-LENS-5S"},"content":{"rendered":"<p><span data-sheets-root=\"1\">LENTE EM PMMA, COM DI\u00c2METRO DE 69MM, ABERTURA M\u00c9DIA DO \u00c2NGULO DE FACHO DE 24\u00b0, PARA LEDS COB (NECESSITA HOLDER DA LENTE DK-69-ZJ-5S-WT-ZHAGA)<\/span><\/p>\n<p>EMBALAGEM COM 48 PE\u00c7AS A CAIXA.<\/p>","protected":false},"excerpt":{"rendered":"<p><span data-sheets-root=\"1\">LENTE EM PMMA, COM DI\u00c2METRO DE 69MM, ABERTURA M\u00c9DIA DO \u00c2NGULO DE FACHO DE 24\u00b0, PARA LEDS COB (NECESSITA HOLDER DA LENTE DK-69-ZJ-5S-WT-ZHAGA)<\/span><\/p>\n<p>EMBALAGEM COM 48 PE\u00c7AS A CAIXA.<\/p>","protected":false},"featured_media":5765,"comment_status":"open","ping_status":"closed","template":"","meta":[],"product_brand":[],"product_cat":[94,89,109,95],"product_tag":[],"class_list":{"0":"post-5764","1":"product","2":"type-product","3":"status-publish","4":"has-post-thumbnail","6":"product_cat-iluminacao-led-arquitetural","7":"product_cat-iluminacao-led-comercial","8":"product_cat-lentes-para-led-iluminacao-led-arquitetural","9":"product_cat-lentes-para-led","11":"first","12":"instock","13":"sold-individually","14":"shipping-taxable","15":"purchasable","16":"product-type-simple"},"yoast_head":"<!-- This site is optimized with the Yoast SEO plugin v27.4 - https:\/\/yoast.com\/product\/yoast-seo-wordpress\/ -->\n<title>DK-69-24-LENS-5S - Lux Concept<\/title>\n<meta name=\"robots\" content=\"index, follow, max-snippet:-1, max-image-preview:large, max-video-preview:-1\" \/>\n<link rel=\"canonical\" href=\"https:\/\/luxconcept.com.br\/en\/product\/dk-69-24-lens-5s\/\" \/>\n<meta property=\"og:locale\" content=\"en_US\" \/>\n<meta property=\"og:type\" content=\"article\" \/>\n<meta property=\"og:title\" content=\"DK-69-24-LENS-5S - Lux Concept\" \/>\n<meta property=\"og:description\" content=\"LENTE EM PMMA, COM DI\u00c2METRO DE 69MM, ABERTURA M\u00c9DIA DO \u00c2NGULO DE FACHO DE 24\u00b0, PARA LEDS COB (NECESSITA HOLDER DA LENTE DK-69-ZJ-5S-WT-ZHAGA)  EMBALAGEM COM 48 PE\u00c7AS A CAIXA.\" \/>\n<meta property=\"og:url\" content=\"https:\/\/luxconcept.com.br\/en\/product\/dk-69-24-lens-5s\/\" \/>\n<meta property=\"og:site_name\" content=\"Lux Concept\" \/>\n<meta property=\"article:modified_time\" content=\"2025-03-21T17:48:38+00:00\" \/>\n<meta property=\"og:image\" content=\"http:\/\/luxconcept.com.br\/wp-content\/uploads\/2025\/02\/DK-69-24-LENS-5S.jpg\" \/>\n\t<meta property=\"og:image:width\" content=\"360\" \/>\n\t<meta property=\"og:image:height\" content=\"360\" \/>\n\t<meta property=\"og:image:type\" content=\"image\/jpeg\" \/>\n<meta name=\"twitter:card\" content=\"summary_large_image\" \/>\n<meta name=\"twitter:label1\" content=\"Est. reading time\" \/>\n\t<meta name=\"twitter:data1\" content=\"1 minute\" \/>\n<script type=\"application\/ld+json\" class=\"yoast-schema-graph\">{\"@context\":\"https:\\\/\\\/schema.org\",\"@graph\":[{\"@type\":\"WebPage\",\"@id\":\"https:\\\/\\\/luxconcept.com.br\\\/produto\\\/dk-69-24-lens-5s\\\/\",\"url\":\"https:\\\/\\\/luxconcept.com.br\\\/produto\\\/dk-69-24-lens-5s\\\/\",\"name\":\"DK-69-24-LENS-5S - Lux Concept\",\"isPartOf\":{\"@id\":\"https:\\\/\\\/luxconcept.com.br\\\/#website\"},\"primaryImageOfPage\":{\"@id\":\"https:\\\/\\\/luxconcept.com.br\\\/produto\\\/dk-69-24-lens-5s\\\/#primaryimage\"},\"image\":{\"@id\":\"https:\\\/\\\/luxconcept.com.br\\\/produto\\\/dk-69-24-lens-5s\\\/#primaryimage\"},\"thumbnailUrl\":\"https:\\\/\\\/luxconcept.com.br\\\/wp-content\\\/uploads\\\/2025\\\/02\\\/DK-69-24-LENS-5S.jpg\",\"datePublished\":\"2025-02-20T12:02:42+00:00\",\"dateModified\":\"2025-03-21T17:48:38+00:00\",\"breadcrumb\":{\"@id\":\"https:\\\/\\\/luxconcept.com.br\\\/produto\\\/dk-69-24-lens-5s\\\/#breadcrumb\"},\"inLanguage\":\"en-US\",\"potentialAction\":[{\"@type\":\"ReadAction\",\"target\":[\"https:\\\/\\\/luxconcept.com.br\\\/produto\\\/dk-69-24-lens-5s\\\/\"]}]},{\"@type\":\"ImageObject\",\"inLanguage\":\"en-US\",\"@id\":\"https:\\\/\\\/luxconcept.com.br\\\/produto\\\/dk-69-24-lens-5s\\\/#primaryimage\",\"url\":\"https:\\\/\\\/luxconcept.com.br\\\/wp-content\\\/uploads\\\/2025\\\/02\\\/DK-69-24-LENS-5S.jpg\",\"contentUrl\":\"https:\\\/\\\/luxconcept.com.br\\\/wp-content\\\/uploads\\\/2025\\\/02\\\/DK-69-24-LENS-5S.jpg\",\"width\":360,\"height\":360},{\"@type\":\"BreadcrumbList\",\"@id\":\"https:\\\/\\\/luxconcept.com.br\\\/produto\\\/dk-69-24-lens-5s\\\/#breadcrumb\",\"itemListElement\":[{\"@type\":\"ListItem\",\"position\":1,\"name\":\"In\u00edcio\",\"item\":\"https:\\\/\\\/luxconcept.com.br\\\/\"},{\"@type\":\"ListItem\",\"position\":2,\"name\":\"Nossos Produtos\",\"item\":\"https:\\\/\\\/luxconcept.com.br\\\/shop\\\/\"},{\"@type\":\"ListItem\",\"position\":3,\"name\":\"DK-69-24-LENS-5S\"}]},{\"@type\":\"WebSite\",\"@id\":\"https:\\\/\\\/luxconcept.com.br\\\/#website\",\"url\":\"https:\\\/\\\/luxconcept.com.br\\\/\",\"name\":\"Lux Concept\",\"description\":\"Fabrica\u00e7\u00e3o de lumin\u00e1rias com tecnologia LED\",\"publisher\":{\"@id\":\"https:\\\/\\\/luxconcept.com.br\\\/#organization\"},\"potentialAction\":[{\"@type\":\"SearchAction\",\"target\":{\"@type\":\"EntryPoint\",\"urlTemplate\":\"https:\\\/\\\/luxconcept.com.br\\\/?s={search_term_string}\"},\"query-input\":{\"@type\":\"PropertyValueSpecification\",\"valueRequired\":true,\"valueName\":\"search_term_string\"}}],\"inLanguage\":\"en-US\"},{\"@type\":\"Organization\",\"@id\":\"https:\\\/\\\/luxconcept.com.br\\\/#organization\",\"name\":\"Lux Concept\",\"url\":\"https:\\\/\\\/luxconcept.com.br\\\/\",\"logo\":{\"@type\":\"ImageObject\",\"inLanguage\":\"en-US\",\"@id\":\"https:\\\/\\\/luxconcept.com.br\\\/#\\\/schema\\\/logo\\\/image\\\/\",\"url\":\"http:\\\/\\\/luxconcept.com.br\\\/wp-content\\\/uploads\\\/2025\\\/01\\\/logo-500px.png\",\"contentUrl\":\"http:\\\/\\\/luxconcept.com.br\\\/wp-content\\\/uploads\\\/2025\\\/01\\\/logo-500px.png\",\"width\":500,\"height\":198,\"caption\":\"Lux Concept\"},\"image\":{\"@id\":\"https:\\\/\\\/luxconcept.com.br\\\/#\\\/schema\\\/logo\\\/image\\\/\"}}]}<\/script>\n<!-- \/ Yoast SEO plugin. -->","yoast_head_json":{"title":"DK-69-24-LENS-5S - Lux Concept","robots":{"index":"index","follow":"follow","max-snippet":"max-snippet:-1","max-image-preview":"max-image-preview:large","max-video-preview":"max-video-preview:-1"},"canonical":"https:\/\/luxconcept.com.br\/en\/product\/dk-69-24-lens-5s\/","og_locale":"en_US","og_type":"article","og_title":"DK-69-24-LENS-5S - Lux Concept","og_description":"LENTE EM PMMA, COM DI\u00c2METRO DE 69MM, ABERTURA M\u00c9DIA DO \u00c2NGULO DE FACHO DE 24\u00b0, PARA LEDS COB (NECESSITA HOLDER DA LENTE DK-69-ZJ-5S-WT-ZHAGA)  EMBALAGEM COM 48 PE\u00c7AS A CAIXA.","og_url":"https:\/\/luxconcept.com.br\/en\/product\/dk-69-24-lens-5s\/","og_site_name":"Lux Concept","article_modified_time":"2025-03-21T17:48:38+00:00","og_image":[{"width":360,"height":360,"url":"http:\/\/luxconcept.com.br\/wp-content\/uploads\/2025\/02\/DK-69-24-LENS-5S.jpg","type":"image\/jpeg"}],"twitter_card":"summary_large_image","twitter_misc":{"Est. reading time":"1 minute"},"schema":{"@context":"https:\/\/schema.org","@graph":[{"@type":"WebPage","@id":"https:\/\/luxconcept.com.br\/produto\/dk-69-24-lens-5s\/","url":"https:\/\/luxconcept.com.br\/produto\/dk-69-24-lens-5s\/","name":"DK-69-24-LENS-5S - Lux Concept","isPartOf":{"@id":"https:\/\/luxconcept.com.br\/#website"},"primaryImageOfPage":{"@id":"https:\/\/luxconcept.com.br\/produto\/dk-69-24-lens-5s\/#primaryimage"},"image":{"@id":"https:\/\/luxconcept.com.br\/produto\/dk-69-24-lens-5s\/#primaryimage"},"thumbnailUrl":"https:\/\/luxconcept.com.br\/wp-content\/uploads\/2025\/02\/DK-69-24-LENS-5S.jpg","datePublished":"2025-02-20T12:02:42+00:00","dateModified":"2025-03-21T17:48:38+00:00","breadcrumb":{"@id":"https:\/\/luxconcept.com.br\/produto\/dk-69-24-lens-5s\/#breadcrumb"},"inLanguage":"en-US","potentialAction":[{"@type":"ReadAction","target":["https:\/\/luxconcept.com.br\/produto\/dk-69-24-lens-5s\/"]}]},{"@type":"ImageObject","inLanguage":"en-US","@id":"https:\/\/luxconcept.com.br\/produto\/dk-69-24-lens-5s\/#primaryimage","url":"https:\/\/luxconcept.com.br\/wp-content\/uploads\/2025\/02\/DK-69-24-LENS-5S.jpg","contentUrl":"https:\/\/luxconcept.com.br\/wp-content\/uploads\/2025\/02\/DK-69-24-LENS-5S.jpg","width":360,"height":360},{"@type":"BreadcrumbList","@id":"https:\/\/luxconcept.com.br\/produto\/dk-69-24-lens-5s\/#breadcrumb","itemListElement":[{"@type":"ListItem","position":1,"name":"In\u00edcio","item":"https:\/\/luxconcept.com.br\/"},{"@type":"ListItem","position":2,"name":"Nossos Produtos","item":"https:\/\/luxconcept.com.br\/shop\/"},{"@type":"ListItem","position":3,"name":"DK-69-24-LENS-5S"}]},{"@type":"WebSite","@id":"https:\/\/luxconcept.com.br\/#website","url":"https:\/\/luxconcept.com.br\/","name":"Lux Concept","description":"Fabrica\u00e7\u00e3o de lumin\u00e1rias com tecnologia LED","publisher":{"@id":"https:\/\/luxconcept.com.br\/#organization"},"potentialAction":[{"@type":"SearchAction","target":{"@type":"EntryPoint","urlTemplate":"https:\/\/luxconcept.com.br\/?s={search_term_string}"},"query-input":{"@type":"PropertyValueSpecification","valueRequired":true,"valueName":"search_term_string"}}],"inLanguage":"en-US"},{"@type":"Organization","@id":"https:\/\/luxconcept.com.br\/#organization","name":"Lux Concept","url":"https:\/\/luxconcept.com.br\/","logo":{"@type":"ImageObject","inLanguage":"en-US","@id":"https:\/\/luxconcept.com.br\/#\/schema\/logo\/image\/","url":"http:\/\/luxconcept.com.br\/wp-content\/uploads\/2025\/01\/logo-500px.png","contentUrl":"http:\/\/luxconcept.com.br\/wp-content\/uploads\/2025\/01\/logo-500px.png","width":500,"height":198,"caption":"Lux Concept"},"image":{"@id":"https:\/\/luxconcept.com.br\/#\/schema\/logo\/image\/"}}]}},"_links":{"self":[{"href":"https:\/\/luxconcept.com.br\/en\/wp-json\/wp\/v2\/product\/5764","targetHints":{"allow":["GET"]}}],"collection":[{"href":"https:\/\/luxconcept.com.br\/en\/wp-json\/wp\/v2\/product"}],"about":[{"href":"https:\/\/luxconcept.com.br\/en\/wp-json\/wp\/v2\/types\/product"}],"replies":[{"embeddable":true,"href":"https:\/\/luxconcept.com.br\/en\/wp-json\/wp\/v2\/comments?post=5764"}],"wp:featuredmedia":[{"embeddable":true,"href":"https:\/\/luxconcept.com.br\/en\/wp-json\/wp\/v2\/media\/5765"}],"wp:attachment":[{"href":"https:\/\/luxconcept.com.br\/en\/wp-json\/wp\/v2\/media?parent=5764"}],"wp:term":[{"taxonomy":"product_brand","embeddable":true,"href":"https:\/\/luxconcept.com.br\/en\/wp-json\/wp\/v2\/product_brand?post=5764"},{"taxonomy":"product_cat","embeddable":true,"href":"https:\/\/luxconcept.com.br\/en\/wp-json\/wp\/v2\/product_cat?post=5764"},{"taxonomy":"product_tag","embeddable":true,"href":"https:\/\/luxconcept.com.br\/en\/wp-json\/wp\/v2\/product_tag?post=5764"}],"curies":[{"name":"wp","href":"https:\/\/api.w.org\/{rel}","templated":true}]}}