{"id":5713,"date":"2025-02-08T11:50:01","date_gmt":"2025-02-08T14:50:01","guid":{"rendered":"https:\/\/devtestemangue.com.br\/valber\/lux-concept\/?post_type=product&#038;p=5713"},"modified":"2025-02-08T11:50:01","modified_gmt":"2025-02-08T14:50:01","slug":"dk-5050-20-lens-16h1-2","status":"publish","type":"product","link":"https:\/\/luxconcept.com.br\/en\/product\/dk-5050-20-lens-16h1-2\/","title":{"rendered":"DK-5050-20-LENS-16H1"},"content":{"rendered":"<p><span data-sheets-root=\"1\">LENTE EM POLICARBONATO DE ALTA TRANSMIT\u00c2NCIA, DIMENS\u00d5ES 50x50MM, PARA 16 LEDS 3030 OU 2835 FLAT PACKAGE, COM 20\u00b0 DE ABERTURA M\u00c9DIA DO \u00c2NGULO DE FACHO, TEMPERATURA DE OPERA\u00c7\u00c3O M\u00c1XIMA 120\u00baC, RESISTENTE A RAIOS UV<\/span><\/p>\n<p>EMBALAGEM COM 960 PE\u00c7AS A CAIXA.<\/p>","protected":false},"excerpt":{"rendered":"<p><span data-sheets-root=\"1\">LENTE EM POLICARBONATO DE ALTA TRANSMIT\u00c2NCIA, DIMENS\u00d5ES 50x50MM, PARA 16 LEDS 3030 OU 2835 FLAT PACKAGE, COM 20\u00b0 DE ABERTURA M\u00c9DIA DO \u00c2NGULO DE FACHO, TEMPERATURA DE OPERA\u00c7\u00c3O M\u00c1XIMA 120\u00baC, RESISTENTE A RAIOS UV<\/span><\/p>\n<p>EMBALAGEM COM 960 PE\u00c7AS A CAIXA.<\/p>","protected":false},"featured_media":5714,"comment_status":"open","ping_status":"closed","template":"","meta":[],"product_brand":[],"product_cat":[92,106],"product_tag":[],"class_list":{"0":"post-5713","1":"product","2":"type-product","3":"status-publish","4":"has-post-thumbnail","6":"product_cat-iluminacao-led-esportiva","7":"product_cat-lentes-para-led-iluminacao-led-esportiva","9":"first","10":"instock","11":"sold-individually","12":"shipping-taxable","13":"purchasable","14":"product-type-simple"},"yoast_head":"<!-- This site is optimized with the Yoast SEO plugin v27.4 - https:\/\/yoast.com\/product\/yoast-seo-wordpress\/ -->\n<title>DK-5050-20-LENS-16H1 - Lux Concept<\/title>\n<meta name=\"robots\" content=\"index, follow, max-snippet:-1, max-image-preview:large, max-video-preview:-1\" \/>\n<link rel=\"canonical\" href=\"https:\/\/luxconcept.com.br\/en\/product\/dk-5050-20-lens-16h1-2\/\" \/>\n<meta property=\"og:locale\" content=\"en_US\" \/>\n<meta property=\"og:type\" content=\"article\" \/>\n<meta property=\"og:title\" content=\"DK-5050-20-LENS-16H1 - Lux Concept\" \/>\n<meta property=\"og:description\" content=\"LENTE EM POLICARBONATO DE ALTA TRANSMIT\u00c2NCIA, DIMENS\u00d5ES 50x50MM, PARA 16 LEDS 3030 OU 2835 FLAT PACKAGE, COM 20\u00b0 DE ABERTURA M\u00c9DIA DO \u00c2NGULO DE FACHO, TEMPERATURA DE OPERA\u00c7\u00c3O M\u00c1XIMA 120\u00baC, RESISTENTE A RAIOS UV  EMBALAGEM COM 960 PE\u00c7AS A CAIXA.\" \/>\n<meta property=\"og:url\" content=\"https:\/\/luxconcept.com.br\/en\/product\/dk-5050-20-lens-16h1-2\/\" \/>\n<meta property=\"og:site_name\" content=\"Lux Concept\" \/>\n<meta property=\"og:image\" content=\"https:\/\/luxconcept.com.br\/wp-content\/uploads\/2025\/02\/DK-5050-20-LENS-16H1-1.jpg\" \/>\n\t<meta property=\"og:image:width\" content=\"360\" \/>\n\t<meta property=\"og:image:height\" content=\"360\" \/>\n\t<meta property=\"og:image:type\" content=\"image\/jpeg\" \/>\n<meta name=\"twitter:card\" content=\"summary_large_image\" \/>\n<meta name=\"twitter:label1\" content=\"Est. reading time\" \/>\n\t<meta name=\"twitter:data1\" content=\"1 minute\" \/>\n<script type=\"application\/ld+json\" class=\"yoast-schema-graph\">{\"@context\":\"https:\\\/\\\/schema.org\",\"@graph\":[{\"@type\":\"WebPage\",\"@id\":\"https:\\\/\\\/luxconcept.com.br\\\/produto\\\/dk-5050-20-lens-16h1-2\\\/\",\"url\":\"https:\\\/\\\/luxconcept.com.br\\\/produto\\\/dk-5050-20-lens-16h1-2\\\/\",\"name\":\"DK-5050-20-LENS-16H1 - Lux Concept\",\"isPartOf\":{\"@id\":\"https:\\\/\\\/luxconcept.com.br\\\/#website\"},\"primaryImageOfPage\":{\"@id\":\"https:\\\/\\\/luxconcept.com.br\\\/produto\\\/dk-5050-20-lens-16h1-2\\\/#primaryimage\"},\"image\":{\"@id\":\"https:\\\/\\\/luxconcept.com.br\\\/produto\\\/dk-5050-20-lens-16h1-2\\\/#primaryimage\"},\"thumbnailUrl\":\"https:\\\/\\\/luxconcept.com.br\\\/wp-content\\\/uploads\\\/2025\\\/02\\\/DK-5050-20-LENS-16H1-1.jpg\",\"datePublished\":\"2025-02-08T14:50:01+00:00\",\"breadcrumb\":{\"@id\":\"https:\\\/\\\/luxconcept.com.br\\\/produto\\\/dk-5050-20-lens-16h1-2\\\/#breadcrumb\"},\"inLanguage\":\"en-US\",\"potentialAction\":[{\"@type\":\"ReadAction\",\"target\":[\"https:\\\/\\\/luxconcept.com.br\\\/produto\\\/dk-5050-20-lens-16h1-2\\\/\"]}]},{\"@type\":\"ImageObject\",\"inLanguage\":\"en-US\",\"@id\":\"https:\\\/\\\/luxconcept.com.br\\\/produto\\\/dk-5050-20-lens-16h1-2\\\/#primaryimage\",\"url\":\"https:\\\/\\\/luxconcept.com.br\\\/wp-content\\\/uploads\\\/2025\\\/02\\\/DK-5050-20-LENS-16H1-1.jpg\",\"contentUrl\":\"https:\\\/\\\/luxconcept.com.br\\\/wp-content\\\/uploads\\\/2025\\\/02\\\/DK-5050-20-LENS-16H1-1.jpg\",\"width\":360,\"height\":360},{\"@type\":\"BreadcrumbList\",\"@id\":\"https:\\\/\\\/luxconcept.com.br\\\/produto\\\/dk-5050-20-lens-16h1-2\\\/#breadcrumb\",\"itemListElement\":[{\"@type\":\"ListItem\",\"position\":1,\"name\":\"In\u00edcio\",\"item\":\"https:\\\/\\\/luxconcept.com.br\\\/\"},{\"@type\":\"ListItem\",\"position\":2,\"name\":\"Nossos Produtos\",\"item\":\"https:\\\/\\\/luxconcept.com.br\\\/shop\\\/\"},{\"@type\":\"ListItem\",\"position\":3,\"name\":\"DK-5050-20-LENS-16H1\"}]},{\"@type\":\"WebSite\",\"@id\":\"https:\\\/\\\/luxconcept.com.br\\\/#website\",\"url\":\"https:\\\/\\\/luxconcept.com.br\\\/\",\"name\":\"Lux Concept\",\"description\":\"Fabrica\u00e7\u00e3o de lumin\u00e1rias com tecnologia LED\",\"publisher\":{\"@id\":\"https:\\\/\\\/luxconcept.com.br\\\/#organization\"},\"potentialAction\":[{\"@type\":\"SearchAction\",\"target\":{\"@type\":\"EntryPoint\",\"urlTemplate\":\"https:\\\/\\\/luxconcept.com.br\\\/?s={search_term_string}\"},\"query-input\":{\"@type\":\"PropertyValueSpecification\",\"valueRequired\":true,\"valueName\":\"search_term_string\"}}],\"inLanguage\":\"en-US\"},{\"@type\":\"Organization\",\"@id\":\"https:\\\/\\\/luxconcept.com.br\\\/#organization\",\"name\":\"Lux Concept\",\"url\":\"https:\\\/\\\/luxconcept.com.br\\\/\",\"logo\":{\"@type\":\"ImageObject\",\"inLanguage\":\"en-US\",\"@id\":\"https:\\\/\\\/luxconcept.com.br\\\/#\\\/schema\\\/logo\\\/image\\\/\",\"url\":\"http:\\\/\\\/luxconcept.com.br\\\/wp-content\\\/uploads\\\/2025\\\/01\\\/logo-500px.png\",\"contentUrl\":\"http:\\\/\\\/luxconcept.com.br\\\/wp-content\\\/uploads\\\/2025\\\/01\\\/logo-500px.png\",\"width\":500,\"height\":198,\"caption\":\"Lux Concept\"},\"image\":{\"@id\":\"https:\\\/\\\/luxconcept.com.br\\\/#\\\/schema\\\/logo\\\/image\\\/\"}}]}<\/script>\n<!-- \/ Yoast SEO plugin. -->","yoast_head_json":{"title":"DK-5050-20-LENS-16H1 - Lux Concept","robots":{"index":"index","follow":"follow","max-snippet":"max-snippet:-1","max-image-preview":"max-image-preview:large","max-video-preview":"max-video-preview:-1"},"canonical":"https:\/\/luxconcept.com.br\/en\/product\/dk-5050-20-lens-16h1-2\/","og_locale":"en_US","og_type":"article","og_title":"DK-5050-20-LENS-16H1 - Lux Concept","og_description":"LENTE EM POLICARBONATO DE ALTA TRANSMIT\u00c2NCIA, DIMENS\u00d5ES 50x50MM, PARA 16 LEDS 3030 OU 2835 FLAT PACKAGE, COM 20\u00b0 DE ABERTURA M\u00c9DIA DO \u00c2NGULO DE FACHO, TEMPERATURA DE OPERA\u00c7\u00c3O M\u00c1XIMA 120\u00baC, RESISTENTE A RAIOS UV  EMBALAGEM COM 960 PE\u00c7AS A CAIXA.","og_url":"https:\/\/luxconcept.com.br\/en\/product\/dk-5050-20-lens-16h1-2\/","og_site_name":"Lux Concept","og_image":[{"width":360,"height":360,"url":"https:\/\/luxconcept.com.br\/wp-content\/uploads\/2025\/02\/DK-5050-20-LENS-16H1-1.jpg","type":"image\/jpeg"}],"twitter_card":"summary_large_image","twitter_misc":{"Est. reading time":"1 minute"},"schema":{"@context":"https:\/\/schema.org","@graph":[{"@type":"WebPage","@id":"https:\/\/luxconcept.com.br\/produto\/dk-5050-20-lens-16h1-2\/","url":"https:\/\/luxconcept.com.br\/produto\/dk-5050-20-lens-16h1-2\/","name":"DK-5050-20-LENS-16H1 - Lux Concept","isPartOf":{"@id":"https:\/\/luxconcept.com.br\/#website"},"primaryImageOfPage":{"@id":"https:\/\/luxconcept.com.br\/produto\/dk-5050-20-lens-16h1-2\/#primaryimage"},"image":{"@id":"https:\/\/luxconcept.com.br\/produto\/dk-5050-20-lens-16h1-2\/#primaryimage"},"thumbnailUrl":"https:\/\/luxconcept.com.br\/wp-content\/uploads\/2025\/02\/DK-5050-20-LENS-16H1-1.jpg","datePublished":"2025-02-08T14:50:01+00:00","breadcrumb":{"@id":"https:\/\/luxconcept.com.br\/produto\/dk-5050-20-lens-16h1-2\/#breadcrumb"},"inLanguage":"en-US","potentialAction":[{"@type":"ReadAction","target":["https:\/\/luxconcept.com.br\/produto\/dk-5050-20-lens-16h1-2\/"]}]},{"@type":"ImageObject","inLanguage":"en-US","@id":"https:\/\/luxconcept.com.br\/produto\/dk-5050-20-lens-16h1-2\/#primaryimage","url":"https:\/\/luxconcept.com.br\/wp-content\/uploads\/2025\/02\/DK-5050-20-LENS-16H1-1.jpg","contentUrl":"https:\/\/luxconcept.com.br\/wp-content\/uploads\/2025\/02\/DK-5050-20-LENS-16H1-1.jpg","width":360,"height":360},{"@type":"BreadcrumbList","@id":"https:\/\/luxconcept.com.br\/produto\/dk-5050-20-lens-16h1-2\/#breadcrumb","itemListElement":[{"@type":"ListItem","position":1,"name":"In\u00edcio","item":"https:\/\/luxconcept.com.br\/"},{"@type":"ListItem","position":2,"name":"Nossos Produtos","item":"https:\/\/luxconcept.com.br\/shop\/"},{"@type":"ListItem","position":3,"name":"DK-5050-20-LENS-16H1"}]},{"@type":"WebSite","@id":"https:\/\/luxconcept.com.br\/#website","url":"https:\/\/luxconcept.com.br\/","name":"Lux Concept","description":"Fabrica\u00e7\u00e3o de lumin\u00e1rias com tecnologia LED","publisher":{"@id":"https:\/\/luxconcept.com.br\/#organization"},"potentialAction":[{"@type":"SearchAction","target":{"@type":"EntryPoint","urlTemplate":"https:\/\/luxconcept.com.br\/?s={search_term_string}"},"query-input":{"@type":"PropertyValueSpecification","valueRequired":true,"valueName":"search_term_string"}}],"inLanguage":"en-US"},{"@type":"Organization","@id":"https:\/\/luxconcept.com.br\/#organization","name":"Lux Concept","url":"https:\/\/luxconcept.com.br\/","logo":{"@type":"ImageObject","inLanguage":"en-US","@id":"https:\/\/luxconcept.com.br\/#\/schema\/logo\/image\/","url":"http:\/\/luxconcept.com.br\/wp-content\/uploads\/2025\/01\/logo-500px.png","contentUrl":"http:\/\/luxconcept.com.br\/wp-content\/uploads\/2025\/01\/logo-500px.png","width":500,"height":198,"caption":"Lux Concept"},"image":{"@id":"https:\/\/luxconcept.com.br\/#\/schema\/logo\/image\/"}}]}},"_links":{"self":[{"href":"https:\/\/luxconcept.com.br\/en\/wp-json\/wp\/v2\/product\/5713","targetHints":{"allow":["GET"]}}],"collection":[{"href":"https:\/\/luxconcept.com.br\/en\/wp-json\/wp\/v2\/product"}],"about":[{"href":"https:\/\/luxconcept.com.br\/en\/wp-json\/wp\/v2\/types\/product"}],"replies":[{"embeddable":true,"href":"https:\/\/luxconcept.com.br\/en\/wp-json\/wp\/v2\/comments?post=5713"}],"wp:featuredmedia":[{"embeddable":true,"href":"https:\/\/luxconcept.com.br\/en\/wp-json\/wp\/v2\/media\/5714"}],"wp:attachment":[{"href":"https:\/\/luxconcept.com.br\/en\/wp-json\/wp\/v2\/media?parent=5713"}],"wp:term":[{"taxonomy":"product_brand","embeddable":true,"href":"https:\/\/luxconcept.com.br\/en\/wp-json\/wp\/v2\/product_brand?post=5713"},{"taxonomy":"product_cat","embeddable":true,"href":"https:\/\/luxconcept.com.br\/en\/wp-json\/wp\/v2\/product_cat?post=5713"},{"taxonomy":"product_tag","embeddable":true,"href":"https:\/\/luxconcept.com.br\/en\/wp-json\/wp\/v2\/product_tag?post=5713"}],"curies":[{"name":"wp","href":"https:\/\/api.w.org\/{rel}","templated":true}]}}