{"id":5622,"date":"2025-02-07T12:57:04","date_gmt":"2025-02-07T15:57:04","guid":{"rendered":"https:\/\/devtestemangue.com.br\/valber\/lux-concept\/?post_type=product&#038;p=5622"},"modified":"2025-02-07T12:57:04","modified_gmt":"2025-02-07T15:57:04","slug":"dk-173-120-lens","status":"publish","type":"product","link":"https:\/\/luxconcept.com.br\/en\/product\/dk-173-120-lens\/","title":{"rendered":"DK-173-120-LENS"},"content":{"rendered":"<p><span data-sheets-root=\"1\">LENTE EM POLICARBONATO DE ALTA TRANSMIT\u00c2NCIA, DIMENS\u00d5ES 173&#215;71.4MM, PARA 12 OU 24 LEDS 5050 FLAT PACKAGE, COM 120\u00b0 DE ABERTURA M\u00c9DIA DO \u00c2NGULO DE FACHO, TEMPERATURA DE OPERA\u00c7\u00c3O M\u00c1XIMA 120 \u00b0C, RESISTENTE A RAIOS UV, RESISTENTE A IMPACTOS IK &gt;08, VEDA\u00c7\u00c3O CONTRA PART\u00cdCULAS S\u00d3LIDAS DE \u00c1GUA GRAU IP66<\/span><\/p>\n<p>EMBALAGEM COM 140 PE\u00c7AS A CAIXA.<\/p>","protected":false},"excerpt":{"rendered":"<p><span data-sheets-root=\"1\">LENTE EM POLICARBONATO DE ALTA TRANSMIT\u00c2NCIA, DIMENS\u00d5ES 173&#215;71.4MM, PARA 12 OU 24 LEDS 5050 FLAT PACKAGE, COM 120\u00b0 DE ABERTURA M\u00c9DIA DO \u00c2NGULO DE FACHO, TEMPERATURA DE OPERA\u00c7\u00c3O M\u00c1XIMA 120 \u00b0C, RESISTENTE A RAIOS UV, RESISTENTE A IMPACTOS IK &gt;08, VEDA\u00c7\u00c3O CONTRA PART\u00cdCULAS S\u00d3LIDAS DE \u00c1GUA GRAU IP66<\/span><\/p>\n<p>EMBALAGEM COM 140 PE\u00c7AS A CAIXA.<\/p>","protected":false},"featured_media":5623,"comment_status":"open","ping_status":"closed","template":"","meta":[],"product_brand":[],"product_cat":[91,105],"product_tag":[],"class_list":{"0":"post-5622","1":"product","2":"type-product","3":"status-publish","4":"has-post-thumbnail","6":"product_cat-iluminacao-led-industrial","7":"product_cat-lentes-para-led-iluminacao-led-industrial","9":"first","10":"instock","11":"sold-individually","12":"shipping-taxable","13":"purchasable","14":"product-type-simple"},"yoast_head":"<!-- This site is optimized with the Yoast SEO plugin v27.4 - https:\/\/yoast.com\/product\/yoast-seo-wordpress\/ -->\n<title>DK-173-120-LENS - Lux Concept<\/title>\n<meta name=\"robots\" content=\"index, follow, max-snippet:-1, max-image-preview:large, max-video-preview:-1\" \/>\n<link rel=\"canonical\" href=\"https:\/\/luxconcept.com.br\/en\/product\/dk-173-120-lens\/\" \/>\n<meta property=\"og:locale\" content=\"en_US\" \/>\n<meta property=\"og:type\" content=\"article\" \/>\n<meta property=\"og:title\" content=\"DK-173-120-LENS - Lux Concept\" \/>\n<meta property=\"og:description\" content=\"LENTE EM POLICARBONATO DE ALTA TRANSMIT\u00c2NCIA, DIMENS\u00d5ES 173x71.4MM, PARA 12 OU 24 LEDS 5050 FLAT PACKAGE, COM 120\u00b0 DE ABERTURA M\u00c9DIA DO \u00c2NGULO DE FACHO, TEMPERATURA DE OPERA\u00c7\u00c3O M\u00c1XIMA 120 \u00b0C, RESISTENTE A RAIOS UV, RESISTENTE A IMPACTOS IK &gt;08, VEDA\u00c7\u00c3O CONTRA PART\u00cdCULAS S\u00d3LIDAS DE \u00c1GUA GRAU IP66  EMBALAGEM COM 140 PE\u00c7AS A CAIXA.\" \/>\n<meta property=\"og:url\" content=\"https:\/\/luxconcept.com.br\/en\/product\/dk-173-120-lens\/\" \/>\n<meta property=\"og:site_name\" content=\"Lux Concept\" \/>\n<meta property=\"og:image\" content=\"https:\/\/luxconcept.com.br\/wp-content\/uploads\/2025\/02\/DK-173-120-LENS.jpg\" \/>\n\t<meta property=\"og:image:width\" content=\"360\" \/>\n\t<meta property=\"og:image:height\" content=\"360\" \/>\n\t<meta property=\"og:image:type\" content=\"image\/jpeg\" \/>\n<meta name=\"twitter:card\" content=\"summary_large_image\" \/>\n<meta name=\"twitter:label1\" content=\"Est. reading time\" \/>\n\t<meta name=\"twitter:data1\" content=\"1 minute\" \/>\n<script type=\"application\/ld+json\" class=\"yoast-schema-graph\">{\"@context\":\"https:\\\/\\\/schema.org\",\"@graph\":[{\"@type\":\"WebPage\",\"@id\":\"https:\\\/\\\/luxconcept.com.br\\\/produto\\\/dk-173-120-lens\\\/\",\"url\":\"https:\\\/\\\/luxconcept.com.br\\\/produto\\\/dk-173-120-lens\\\/\",\"name\":\"DK-173-120-LENS - Lux Concept\",\"isPartOf\":{\"@id\":\"https:\\\/\\\/luxconcept.com.br\\\/#website\"},\"primaryImageOfPage\":{\"@id\":\"https:\\\/\\\/luxconcept.com.br\\\/produto\\\/dk-173-120-lens\\\/#primaryimage\"},\"image\":{\"@id\":\"https:\\\/\\\/luxconcept.com.br\\\/produto\\\/dk-173-120-lens\\\/#primaryimage\"},\"thumbnailUrl\":\"https:\\\/\\\/luxconcept.com.br\\\/wp-content\\\/uploads\\\/2025\\\/02\\\/DK-173-120-LENS.jpg\",\"datePublished\":\"2025-02-07T15:57:04+00:00\",\"breadcrumb\":{\"@id\":\"https:\\\/\\\/luxconcept.com.br\\\/produto\\\/dk-173-120-lens\\\/#breadcrumb\"},\"inLanguage\":\"en-US\",\"potentialAction\":[{\"@type\":\"ReadAction\",\"target\":[\"https:\\\/\\\/luxconcept.com.br\\\/produto\\\/dk-173-120-lens\\\/\"]}]},{\"@type\":\"ImageObject\",\"inLanguage\":\"en-US\",\"@id\":\"https:\\\/\\\/luxconcept.com.br\\\/produto\\\/dk-173-120-lens\\\/#primaryimage\",\"url\":\"https:\\\/\\\/luxconcept.com.br\\\/wp-content\\\/uploads\\\/2025\\\/02\\\/DK-173-120-LENS.jpg\",\"contentUrl\":\"https:\\\/\\\/luxconcept.com.br\\\/wp-content\\\/uploads\\\/2025\\\/02\\\/DK-173-120-LENS.jpg\",\"width\":360,\"height\":360},{\"@type\":\"BreadcrumbList\",\"@id\":\"https:\\\/\\\/luxconcept.com.br\\\/produto\\\/dk-173-120-lens\\\/#breadcrumb\",\"itemListElement\":[{\"@type\":\"ListItem\",\"position\":1,\"name\":\"In\u00edcio\",\"item\":\"https:\\\/\\\/luxconcept.com.br\\\/\"},{\"@type\":\"ListItem\",\"position\":2,\"name\":\"Nossos Produtos\",\"item\":\"https:\\\/\\\/luxconcept.com.br\\\/shop\\\/\"},{\"@type\":\"ListItem\",\"position\":3,\"name\":\"DK-173-120-LENS\"}]},{\"@type\":\"WebSite\",\"@id\":\"https:\\\/\\\/luxconcept.com.br\\\/#website\",\"url\":\"https:\\\/\\\/luxconcept.com.br\\\/\",\"name\":\"Lux Concept\",\"description\":\"Fabrica\u00e7\u00e3o de lumin\u00e1rias com tecnologia LED\",\"publisher\":{\"@id\":\"https:\\\/\\\/luxconcept.com.br\\\/#organization\"},\"potentialAction\":[{\"@type\":\"SearchAction\",\"target\":{\"@type\":\"EntryPoint\",\"urlTemplate\":\"https:\\\/\\\/luxconcept.com.br\\\/?s={search_term_string}\"},\"query-input\":{\"@type\":\"PropertyValueSpecification\",\"valueRequired\":true,\"valueName\":\"search_term_string\"}}],\"inLanguage\":\"en-US\"},{\"@type\":\"Organization\",\"@id\":\"https:\\\/\\\/luxconcept.com.br\\\/#organization\",\"name\":\"Lux Concept\",\"url\":\"https:\\\/\\\/luxconcept.com.br\\\/\",\"logo\":{\"@type\":\"ImageObject\",\"inLanguage\":\"en-US\",\"@id\":\"https:\\\/\\\/luxconcept.com.br\\\/#\\\/schema\\\/logo\\\/image\\\/\",\"url\":\"http:\\\/\\\/luxconcept.com.br\\\/wp-content\\\/uploads\\\/2025\\\/01\\\/logo-500px.png\",\"contentUrl\":\"http:\\\/\\\/luxconcept.com.br\\\/wp-content\\\/uploads\\\/2025\\\/01\\\/logo-500px.png\",\"width\":500,\"height\":198,\"caption\":\"Lux Concept\"},\"image\":{\"@id\":\"https:\\\/\\\/luxconcept.com.br\\\/#\\\/schema\\\/logo\\\/image\\\/\"}}]}<\/script>\n<!-- \/ Yoast SEO plugin. -->","yoast_head_json":{"title":"DK-173-120-LENS - Lux Concept","robots":{"index":"index","follow":"follow","max-snippet":"max-snippet:-1","max-image-preview":"max-image-preview:large","max-video-preview":"max-video-preview:-1"},"canonical":"https:\/\/luxconcept.com.br\/en\/product\/dk-173-120-lens\/","og_locale":"en_US","og_type":"article","og_title":"DK-173-120-LENS - Lux Concept","og_description":"LENTE EM POLICARBONATO DE ALTA TRANSMIT\u00c2NCIA, DIMENS\u00d5ES 173x71.4MM, PARA 12 OU 24 LEDS 5050 FLAT PACKAGE, COM 120\u00b0 DE ABERTURA M\u00c9DIA DO \u00c2NGULO DE FACHO, TEMPERATURA DE OPERA\u00c7\u00c3O M\u00c1XIMA 120 \u00b0C, RESISTENTE A RAIOS UV, RESISTENTE A IMPACTOS IK &gt;08, VEDA\u00c7\u00c3O CONTRA PART\u00cdCULAS S\u00d3LIDAS DE \u00c1GUA GRAU IP66  EMBALAGEM COM 140 PE\u00c7AS A CAIXA.","og_url":"https:\/\/luxconcept.com.br\/en\/product\/dk-173-120-lens\/","og_site_name":"Lux Concept","og_image":[{"width":360,"height":360,"url":"https:\/\/luxconcept.com.br\/wp-content\/uploads\/2025\/02\/DK-173-120-LENS.jpg","type":"image\/jpeg"}],"twitter_card":"summary_large_image","twitter_misc":{"Est. reading time":"1 minute"},"schema":{"@context":"https:\/\/schema.org","@graph":[{"@type":"WebPage","@id":"https:\/\/luxconcept.com.br\/produto\/dk-173-120-lens\/","url":"https:\/\/luxconcept.com.br\/produto\/dk-173-120-lens\/","name":"DK-173-120-LENS - Lux Concept","isPartOf":{"@id":"https:\/\/luxconcept.com.br\/#website"},"primaryImageOfPage":{"@id":"https:\/\/luxconcept.com.br\/produto\/dk-173-120-lens\/#primaryimage"},"image":{"@id":"https:\/\/luxconcept.com.br\/produto\/dk-173-120-lens\/#primaryimage"},"thumbnailUrl":"https:\/\/luxconcept.com.br\/wp-content\/uploads\/2025\/02\/DK-173-120-LENS.jpg","datePublished":"2025-02-07T15:57:04+00:00","breadcrumb":{"@id":"https:\/\/luxconcept.com.br\/produto\/dk-173-120-lens\/#breadcrumb"},"inLanguage":"en-US","potentialAction":[{"@type":"ReadAction","target":["https:\/\/luxconcept.com.br\/produto\/dk-173-120-lens\/"]}]},{"@type":"ImageObject","inLanguage":"en-US","@id":"https:\/\/luxconcept.com.br\/produto\/dk-173-120-lens\/#primaryimage","url":"https:\/\/luxconcept.com.br\/wp-content\/uploads\/2025\/02\/DK-173-120-LENS.jpg","contentUrl":"https:\/\/luxconcept.com.br\/wp-content\/uploads\/2025\/02\/DK-173-120-LENS.jpg","width":360,"height":360},{"@type":"BreadcrumbList","@id":"https:\/\/luxconcept.com.br\/produto\/dk-173-120-lens\/#breadcrumb","itemListElement":[{"@type":"ListItem","position":1,"name":"In\u00edcio","item":"https:\/\/luxconcept.com.br\/"},{"@type":"ListItem","position":2,"name":"Nossos Produtos","item":"https:\/\/luxconcept.com.br\/shop\/"},{"@type":"ListItem","position":3,"name":"DK-173-120-LENS"}]},{"@type":"WebSite","@id":"https:\/\/luxconcept.com.br\/#website","url":"https:\/\/luxconcept.com.br\/","name":"Lux Concept","description":"Fabrica\u00e7\u00e3o de lumin\u00e1rias com tecnologia LED","publisher":{"@id":"https:\/\/luxconcept.com.br\/#organization"},"potentialAction":[{"@type":"SearchAction","target":{"@type":"EntryPoint","urlTemplate":"https:\/\/luxconcept.com.br\/?s={search_term_string}"},"query-input":{"@type":"PropertyValueSpecification","valueRequired":true,"valueName":"search_term_string"}}],"inLanguage":"en-US"},{"@type":"Organization","@id":"https:\/\/luxconcept.com.br\/#organization","name":"Lux Concept","url":"https:\/\/luxconcept.com.br\/","logo":{"@type":"ImageObject","inLanguage":"en-US","@id":"https:\/\/luxconcept.com.br\/#\/schema\/logo\/image\/","url":"http:\/\/luxconcept.com.br\/wp-content\/uploads\/2025\/01\/logo-500px.png","contentUrl":"http:\/\/luxconcept.com.br\/wp-content\/uploads\/2025\/01\/logo-500px.png","width":500,"height":198,"caption":"Lux Concept"},"image":{"@id":"https:\/\/luxconcept.com.br\/#\/schema\/logo\/image\/"}}]}},"_links":{"self":[{"href":"https:\/\/luxconcept.com.br\/en\/wp-json\/wp\/v2\/product\/5622","targetHints":{"allow":["GET"]}}],"collection":[{"href":"https:\/\/luxconcept.com.br\/en\/wp-json\/wp\/v2\/product"}],"about":[{"href":"https:\/\/luxconcept.com.br\/en\/wp-json\/wp\/v2\/types\/product"}],"replies":[{"embeddable":true,"href":"https:\/\/luxconcept.com.br\/en\/wp-json\/wp\/v2\/comments?post=5622"}],"wp:featuredmedia":[{"embeddable":true,"href":"https:\/\/luxconcept.com.br\/en\/wp-json\/wp\/v2\/media\/5623"}],"wp:attachment":[{"href":"https:\/\/luxconcept.com.br\/en\/wp-json\/wp\/v2\/media?parent=5622"}],"wp:term":[{"taxonomy":"product_brand","embeddable":true,"href":"https:\/\/luxconcept.com.br\/en\/wp-json\/wp\/v2\/product_brand?post=5622"},{"taxonomy":"product_cat","embeddable":true,"href":"https:\/\/luxconcept.com.br\/en\/wp-json\/wp\/v2\/product_cat?post=5622"},{"taxonomy":"product_tag","embeddable":true,"href":"https:\/\/luxconcept.com.br\/en\/wp-json\/wp\/v2\/product_tag?post=5622"}],"curies":[{"name":"wp","href":"https:\/\/api.w.org\/{rel}","templated":true}]}}