{"id":30,"date":"2023-01-10T15:27:50","date_gmt":"2023-01-10T15:27:50","guid":{"rendered":"https:\/\/demo.bravisthemes.com\/soluris\/?page_id=30"},"modified":"2025-01-29T12:13:42","modified_gmt":"2025-01-29T15:13:42","slug":"segmentos","status":"publish","type":"page","link":"https:\/\/luxconcept.com.br\/en\/segmentos\/","title":{"rendered":"Segmentos"},"content":{"rendered":"<div data-elementor-type=\"wp-page\" data-elementor-id=\"30\" class=\"elementor elementor-30\" data-elementor-post-type=\"page\">\n\t\t\t\t        <section class=\"elementor-section elementor-top-section elementor-element elementor-element-ca0052b elementor-section-stretched elementor-section-boxed elementor-section-height-default elementor-section-height-default pxl-type-header-none pxl-bg-color-none pxl-row-scroll-none\" data-id=\"ca0052b\" data-element_type=\"section\" data-settings=\"{&quot;stretch_section&quot;:&quot;section-stretched&quot;}\">\n\n                \n                <div class=\"elementor-container elementor-column-gap-extended\">\n                <div class=\"elementor-column elementor-col-100 elementor-top-column elementor-element elementor-element-301e234 pxl_section_offset-none pxl-container-width-container-1200 pxl-col-none pxl-column-none\" data-id=\"301e234\" data-element_type=\"column\">\r\n        <div class=\"elementor-widget-wrap elementor-element-populated\">\r\n                     \r\n        \t\t<div class=\"elementor-element elementor-element-e25fdc3 pxl-post-layout-service-1 elementor-widget elementor-widget-pxl_post_grid\" data-id=\"e25fdc3\" data-element_type=\"widget\" data-widget_type=\"pxl_post_grid.default\">\n\t\t\t\t<div class=\"elementor-widget-container\">\n\t\t\t\t\t\n<div id=\"pxl_post_grid-e25fdc3-1076\" class=\"pxl-grid pxl-service-grid pxl-service-grid-layout1\" data-layout=\"masonry\" data-start-page=\"1\" data-max-pages=\"1\" data-total=\"6\" data-perpage=\"6\" data-next-link=\"\">\n    \n    <div class=\"pxl-grid-inner pxl-grid-masonry row\" data-gutter=\"15\">\n        <div class=\"grid-sizer col-xl-4 col-lg-4 col-md-6 col-sm-6 col-12\"><\/div>\n                    <div class=\"pxl-grid-item col-xl-4 col-lg-4 col-md-6 col-sm-6 col-12 residencial\">\n                <div class=\"pxl-item--inner\">\n                    <div class=\"pxl-item--holder\">\n                        <a class=\"pxl-item--link\" title=\"Ilumina\u00e7\u00e3o LED Residencial\" href=\"https:\/\/luxconcept.com.br\/en\/service\/iluminacao-residencial\/\"><\/a>\n                                               <div class=\"item--icon icon-psb\"><i class=\"far fa-house\"><\/i>\n                        <\/div>\n                                                                                    <span class=\"pxl-item-postion\">01 <\/span>\n                                        <h3 class=\"pxl-item--title\">\n                        <a href=\"https:\/\/luxconcept.com.br\/en\/service\/iluminacao-residencial\/\">\n                            Ilumina\u00e7\u00e3o LED Residencial                        <\/a>\n                    <\/h3>\n                                            <div class=\"content-excerpt pxl-excerpt-line\" style=\"-webkit-line-clamp: 3;\">\n                            Solu\u00e7\u00f5es completas e diferenciadas.                        <\/div>\n                                    <\/div>\n                <div class=\"pxl-item--image hover-imge-effect4\">\n                                            <div class=\"pxl-readmore\">\n                            <a class=\"btn btn-orange\" href=\"https:\/\/luxconcept.com.br\/en\/service\/iluminacao-residencial\/\">\n                                <i class=\"fal fa-chevron-right\"><\/i>\n                                <span> Saiba mais<\/span>\n                            <\/a>\n                        <\/div>\n                                        <div class=\"wrap-feature\">\n                        <a href=\"https:\/\/luxconcept.com.br\/en\/service\/iluminacao-residencial\/\"><img fetchpriority=\"high\" decoding=\"async\" class=\"no-lazyload\" src=\"https:\/\/luxconcept.com.br\/wp-content\/uploads\/2023\/01\/iluminacao-de-led-residencial-1200x731.jpg\" width=\"1200\" height=\"731\" alt=\"Ilumina\u00e7\u00e3o de Led Residencial\" title=\"Ilumina\u00e7\u00e3o de Led Residencial\" \/><\/a>\n                    <\/div>\n                <\/div>\n            <\/div>\n        <\/div>\n                    <div class=\"pxl-grid-item col-xl-4 col-lg-4 col-md-6 col-sm-6 col-12 comercial\">\n                <div class=\"pxl-item--inner\">\n                    <div class=\"pxl-item--holder\">\n                        <a class=\"pxl-item--link\" title=\"Ilumina\u00e7\u00e3o LED Comercial\" href=\"https:\/\/luxconcept.com.br\/en\/service\/iluminacao-comercial\/\"><\/a>\n                                               <div class=\"item--icon icon-psb\"><i class=\"far fa-shopping-bag\"><\/i>\n                        <\/div>\n                                                                                    <span class=\"pxl-item-postion\">02 <\/span>\n                                        <h3 class=\"pxl-item--title\">\n                        <a href=\"https:\/\/luxconcept.com.br\/en\/service\/iluminacao-comercial\/\">\n                            Ilumina\u00e7\u00e3o LED Comercial                        <\/a>\n                    <\/h3>\n                                            <div class=\"content-excerpt pxl-excerpt-line\" style=\"-webkit-line-clamp: 3;\">\n                            Excelente custo-benef\u00edcio e variedade de produtos.                        <\/div>\n                                    <\/div>\n                <div class=\"pxl-item--image hover-imge-effect4\">\n                                            <div class=\"pxl-readmore\">\n                            <a class=\"btn btn-orange\" href=\"https:\/\/luxconcept.com.br\/en\/service\/iluminacao-comercial\/\">\n                                <i class=\"fal fa-chevron-right\"><\/i>\n                                <span> Saiba mais<\/span>\n                            <\/a>\n                        <\/div>\n                                        <div class=\"wrap-feature\">\n                        <a href=\"https:\/\/luxconcept.com.br\/en\/service\/iluminacao-comercial\/\"><img decoding=\"async\" class=\"no-lazyload\" src=\"https:\/\/luxconcept.com.br\/wp-content\/uploads\/2023\/04\/iluminacao-de-led-comercial-1200x731.jpg\" width=\"1200\" height=\"731\" alt=\"Ilumina\u00e7\u00e3o de Led Comercial\" title=\"Ilumina\u00e7\u00e3o de Led Comercial\" \/><\/a>\n                    <\/div>\n                <\/div>\n            <\/div>\n        <\/div>\n                    <div class=\"pxl-grid-item col-xl-4 col-lg-4 col-md-6 col-sm-6 col-12 industrial\">\n                <div class=\"pxl-item--inner\">\n                    <div class=\"pxl-item--holder\">\n                        <a class=\"pxl-item--link\" title=\"Ilumina\u00e7\u00e3o LED Industrial\" href=\"https:\/\/luxconcept.com.br\/en\/service\/iluminacao-industrial\/\"><\/a>\n                                               <div class=\"item--icon icon-psb\"><i class=\"fal fa-industry-alt\"><\/i>\n                        <\/div>\n                                                                                    <span class=\"pxl-item-postion\">03 <\/span>\n                                        <h3 class=\"pxl-item--title\">\n                        <a href=\"https:\/\/luxconcept.com.br\/en\/service\/iluminacao-industrial\/\">\n                            Ilumina\u00e7\u00e3o LED Industrial                        <\/a>\n                    <\/h3>\n                                            <div class=\"content-excerpt pxl-excerpt-line\" style=\"-webkit-line-clamp: 3;\">\n                            Ampla gama de \u00e2ngulos de facho e tamanhos dispon\u00edveis.                        <\/div>\n                                    <\/div>\n                <div class=\"pxl-item--image hover-imge-effect4\">\n                                            <div class=\"pxl-readmore\">\n                            <a class=\"btn btn-orange\" href=\"https:\/\/luxconcept.com.br\/en\/service\/iluminacao-industrial\/\">\n                                <i class=\"fal fa-chevron-right\"><\/i>\n                                <span> Saiba mais<\/span>\n                            <\/a>\n                        <\/div>\n                                        <div class=\"wrap-feature\">\n                        <a href=\"https:\/\/luxconcept.com.br\/en\/service\/iluminacao-industrial\/\"><img decoding=\"async\" class=\"no-lazyload\" src=\"https:\/\/luxconcept.com.br\/wp-content\/uploads\/2025\/01\/iluminacao-de-led-industrial-1200x731.jpg\" width=\"1200\" height=\"731\" alt=\"Servi\u00e7o de Ilumina\u00e7\u00e3o de LED Industrial\" title=\"Servi\u00e7o de Ilumina\u00e7\u00e3o de LED Industrial\" \/><\/a>\n                    <\/div>\n                <\/div>\n            <\/div>\n        <\/div>\n                    <div class=\"pxl-grid-item col-xl-4 col-lg-4 col-md-6 col-sm-6 col-12 esportivo\">\n                <div class=\"pxl-item--inner\">\n                    <div class=\"pxl-item--holder\">\n                        <a class=\"pxl-item--link\" title=\"Ilumina\u00e7\u00e3o LED Esportiva\" href=\"https:\/\/luxconcept.com.br\/en\/service\/iluminacao-esportiva\/\"><\/a>\n                                               <div class=\"item--icon icon-psb\"><i class=\"far fa-basketball-ball\"><\/i>\n                        <\/div>\n                                                                                    <span class=\"pxl-item-postion\">04 <\/span>\n                                        <h3 class=\"pxl-item--title\">\n                        <a href=\"https:\/\/luxconcept.com.br\/en\/service\/iluminacao-esportiva\/\">\n                            Ilumina\u00e7\u00e3o LED Esportiva                        <\/a>\n                    <\/h3>\n                                            <div class=\"content-excerpt pxl-excerpt-line\" style=\"-webkit-line-clamp: 3;\">\n                            Alta pot\u00eancia e longo alcance do fluxo luminoso                        <\/div>\n                                    <\/div>\n                <div class=\"pxl-item--image hover-imge-effect4\">\n                                            <div class=\"pxl-readmore\">\n                            <a class=\"btn btn-orange\" href=\"https:\/\/luxconcept.com.br\/en\/service\/iluminacao-esportiva\/\">\n                                <i class=\"fal fa-chevron-right\"><\/i>\n                                <span> Saiba mais<\/span>\n                            <\/a>\n                        <\/div>\n                                        <div class=\"wrap-feature\">\n                        <a href=\"https:\/\/luxconcept.com.br\/en\/service\/iluminacao-esportiva\/\"><img loading=\"lazy\" decoding=\"async\" class=\"no-lazyload\" src=\"https:\/\/luxconcept.com.br\/wp-content\/uploads\/2025\/01\/iluminacao-de-led-esportivo-1200x731.jpg\" width=\"1200\" height=\"731\" alt=\"Servi\u00e7o de Ilumina\u00e7\u00e3o de LED Esportivo e para grandes \u00e1reas\" title=\"Servi\u00e7o de Ilumina\u00e7\u00e3o de LED Esportivo e para grandes \u00e1reas\" \/><\/a>\n                    <\/div>\n                <\/div>\n            <\/div>\n        <\/div>\n                    <div class=\"pxl-grid-item col-xl-4 col-lg-4 col-md-6 col-sm-6 col-12 publico\">\n                <div class=\"pxl-item--inner\">\n                    <div class=\"pxl-item--holder\">\n                        <a class=\"pxl-item--link\" title=\"Ilumina\u00e7\u00e3o LED P\u00fablica Vi\u00e1ria\" href=\"https:\/\/luxconcept.com.br\/en\/service\/iluminacao-publica-viaria\/\"><\/a>\n                                               <div class=\"item--icon icon-psb\"><i class=\"flaticon-light-bulb-1\"><\/i>\n                        <\/div>\n                                                                                    <span class=\"pxl-item-postion\">05 <\/span>\n                                        <h3 class=\"pxl-item--title\">\n                        <a href=\"https:\/\/luxconcept.com.br\/en\/service\/iluminacao-publica-viaria\/\">\n                            Ilumina\u00e7\u00e3o LED P\u00fablica Vi\u00e1ria                        <\/a>\n                    <\/h3>\n                                            <div class=\"content-excerpt pxl-excerpt-line\" style=\"-webkit-line-clamp: 3;\">\n                            Op\u00e7\u00f5es variadas de lentes para diferentes projetos                        <\/div>\n                                    <\/div>\n                <div class=\"pxl-item--image hover-imge-effect4\">\n                                            <div class=\"pxl-readmore\">\n                            <a class=\"btn btn-orange\" href=\"https:\/\/luxconcept.com.br\/en\/service\/iluminacao-publica-viaria\/\">\n                                <i class=\"fal fa-chevron-right\"><\/i>\n                                <span> Saiba mais<\/span>\n                            <\/a>\n                        <\/div>\n                                        <div class=\"wrap-feature\">\n                        <a href=\"https:\/\/luxconcept.com.br\/en\/service\/iluminacao-publica-viaria\/\"><img loading=\"lazy\" decoding=\"async\" class=\"no-lazyload\" src=\"https:\/\/luxconcept.com.br\/wp-content\/uploads\/2025\/01\/iluminacao-de-led-para-vias-publicas-1200x731.jpg\" width=\"1200\" height=\"731\" alt=\"Servi\u00e7o de Ilumina\u00e7\u00e3o de LED para vias p\u00fablicas\" title=\"Servi\u00e7o de Ilumina\u00e7\u00e3o de LED para vias p\u00fablicas\" \/><\/a>\n                    <\/div>\n                <\/div>\n            <\/div>\n        <\/div>\n                    <div class=\"pxl-grid-item col-xl-4 col-lg-4 col-md-6 col-sm-6 col-12 arquitetural\">\n                <div class=\"pxl-item--inner\">\n                    <div class=\"pxl-item--holder\">\n                        <a class=\"pxl-item--link\" title=\"Ilumina\u00e7\u00e3o LED Arquitetural\" href=\"https:\/\/luxconcept.com.br\/en\/service\/iluminacao-arquitetural\/\"><\/a>\n                                               <div class=\"item--icon icon-psb\"><i class=\"fab fa-simplybuilt\"><\/i>\n                        <\/div>\n                                                                                    <span class=\"pxl-item-postion\">06 <\/span>\n                                        <h3 class=\"pxl-item--title\">\n                        <a href=\"https:\/\/luxconcept.com.br\/en\/service\/iluminacao-arquitetural\/\">\n                            Ilumina\u00e7\u00e3o LED Arquitetural                        <\/a>\n                    <\/h3>\n                                            <div class=\"content-excerpt pxl-excerpt-line\" style=\"-webkit-line-clamp: 3;\">\n                            Realce e valorize os detalhes com precis\u00e3o                        <\/div>\n                                    <\/div>\n                <div class=\"pxl-item--image hover-imge-effect4\">\n                                            <div class=\"pxl-readmore\">\n                            <a class=\"btn btn-orange\" href=\"https:\/\/luxconcept.com.br\/en\/service\/iluminacao-arquitetural\/\">\n                                <i class=\"fal fa-chevron-right\"><\/i>\n                                <span> Saiba mais<\/span>\n                            <\/a>\n                        <\/div>\n                                        <div class=\"wrap-feature\">\n                        <a href=\"https:\/\/luxconcept.com.br\/en\/service\/iluminacao-arquitetural\/\"><img loading=\"lazy\" decoding=\"async\" class=\"no-lazyload\" src=\"https:\/\/luxconcept.com.br\/wp-content\/uploads\/2025\/01\/iluminacao-de-led-arquitetural-1200x731.jpg\" width=\"1200\" height=\"731\" alt=\"Servi\u00e7o de Ilumina\u00e7\u00e3o de LED arquitetural\" title=\"Servi\u00e7o de Ilumina\u00e7\u00e3o de LED arquitetural\" \/><\/a>\n                    <\/div>\n                <\/div>\n            <\/div>\n        <\/div>\n            <\/div>\n        <\/div>\t\t\t\t<\/div>\n\t\t\t\t<\/div>\n\t\t            <\/div>\r\n        <\/div>\r\n        \t\t\t<\/div>\n\t\t<\/section>\n\t\t\t\t<\/div>","protected":false},"excerpt":{"rendered":"<p>01 Ilumina\u00e7\u00e3o Residencial Solu\u00e7\u00f5es completas e diferenciadas. Saiba mais 02 Ilumina\u00e7\u00e3o Comercial Excelente custo-benef\u00edcio e variedade de produtos. Saiba mais 03 Ilumina\u00e7\u00e3o Industrial Ampla gama de \u00e2ngulos de facho e tamanhos dispon\u00edveis. Saiba mais 04 Ilumina\u00e7\u00e3o Esportiva Alta pot\u00eancia e longo alcance do fluxo luminoso Saiba mais 05 Ilumina\u00e7\u00e3o P\u00fablica Vi\u00e1ria Op\u00e7\u00f5es variadas de lentes [&hellip;]<\/p>","protected":false},"author":1,"featured_media":0,"parent":0,"menu_order":0,"comment_status":"closed","ping_status":"closed","template":"","meta":{"footnotes":""},"class_list":["post-30","page","type-page","status-publish","hentry"],"yoast_head":"<!-- This site is optimized with the Yoast SEO plugin v27.4 - https:\/\/yoast.com\/product\/yoast-seo-wordpress\/ -->\n<title>Segmentos - Lux Concept<\/title>\n<meta name=\"robots\" content=\"index, follow, max-snippet:-1, max-image-preview:large, max-video-preview:-1\" \/>\n<link rel=\"canonical\" href=\"https:\/\/luxconcept.com.br\/en\/segmentos\/\" \/>\n<meta property=\"og:locale\" content=\"en_US\" \/>\n<meta property=\"og:type\" content=\"article\" \/>\n<meta property=\"og:title\" content=\"Segmentos - Lux Concept\" \/>\n<meta property=\"og:description\" content=\"01 Ilumina\u00e7\u00e3o Residencial Solu\u00e7\u00f5es completas e diferenciadas. Saiba mais 02 Ilumina\u00e7\u00e3o Comercial Excelente custo-benef\u00edcio e variedade de produtos. Saiba mais 03 Ilumina\u00e7\u00e3o Industrial Ampla gama de \u00e2ngulos de facho e tamanhos dispon\u00edveis. Saiba mais 04 Ilumina\u00e7\u00e3o Esportiva Alta pot\u00eancia e longo alcance do fluxo luminoso Saiba mais 05 Ilumina\u00e7\u00e3o P\u00fablica Vi\u00e1ria Op\u00e7\u00f5es variadas de lentes [&hellip;]\" \/>\n<meta property=\"og:url\" content=\"https:\/\/luxconcept.com.br\/en\/segmentos\/\" \/>\n<meta property=\"og:site_name\" content=\"Lux Concept\" \/>\n<meta property=\"article:modified_time\" content=\"2025-01-29T15:13:42+00:00\" \/>\n<meta property=\"og:image\" content=\"https:\/\/devtestemangue.com.br\/valber\/lux-concept\/wp-content\/uploads\/2023\/01\/iluminacao-de-led-residencial-1200x731.jpg\" \/>\n<meta name=\"twitter:card\" content=\"summary_large_image\" \/>\n<meta name=\"twitter:label1\" content=\"Est. reading time\" \/>\n\t<meta name=\"twitter:data1\" content=\"2 minutes\" \/>\n<script type=\"application\/ld+json\" class=\"yoast-schema-graph\">{\"@context\":\"https:\\\/\\\/schema.org\",\"@graph\":[{\"@type\":\"WebPage\",\"@id\":\"https:\\\/\\\/luxconcept.com.br\\\/segmentos\\\/\",\"url\":\"https:\\\/\\\/luxconcept.com.br\\\/segmentos\\\/\",\"name\":\"Segmentos - Lux Concept\",\"isPartOf\":{\"@id\":\"https:\\\/\\\/luxconcept.com.br\\\/#website\"},\"primaryImageOfPage\":{\"@id\":\"https:\\\/\\\/luxconcept.com.br\\\/segmentos\\\/#primaryimage\"},\"image\":{\"@id\":\"https:\\\/\\\/luxconcept.com.br\\\/segmentos\\\/#primaryimage\"},\"thumbnailUrl\":\"https:\\\/\\\/devtestemangue.com.br\\\/valber\\\/lux-concept\\\/wp-content\\\/uploads\\\/2023\\\/01\\\/iluminacao-de-led-residencial-1200x731.jpg\",\"datePublished\":\"2023-01-10T15:27:50+00:00\",\"dateModified\":\"2025-01-29T15:13:42+00:00\",\"breadcrumb\":{\"@id\":\"https:\\\/\\\/luxconcept.com.br\\\/segmentos\\\/#breadcrumb\"},\"inLanguage\":\"en-US\",\"potentialAction\":[{\"@type\":\"ReadAction\",\"target\":[\"https:\\\/\\\/luxconcept.com.br\\\/segmentos\\\/\"]}]},{\"@type\":\"ImageObject\",\"inLanguage\":\"en-US\",\"@id\":\"https:\\\/\\\/luxconcept.com.br\\\/segmentos\\\/#primaryimage\",\"url\":\"https:\\\/\\\/devtestemangue.com.br\\\/valber\\\/lux-concept\\\/wp-content\\\/uploads\\\/2023\\\/01\\\/iluminacao-de-led-residencial-1200x731.jpg\",\"contentUrl\":\"https:\\\/\\\/devtestemangue.com.br\\\/valber\\\/lux-concept\\\/wp-content\\\/uploads\\\/2023\\\/01\\\/iluminacao-de-led-residencial-1200x731.jpg\"},{\"@type\":\"BreadcrumbList\",\"@id\":\"https:\\\/\\\/luxconcept.com.br\\\/segmentos\\\/#breadcrumb\",\"itemListElement\":[{\"@type\":\"ListItem\",\"position\":1,\"name\":\"In\u00edcio\",\"item\":\"https:\\\/\\\/luxconcept.com.br\\\/\"},{\"@type\":\"ListItem\",\"position\":2,\"name\":\"Segmentos\"}]},{\"@type\":\"WebSite\",\"@id\":\"https:\\\/\\\/luxconcept.com.br\\\/#website\",\"url\":\"https:\\\/\\\/luxconcept.com.br\\\/\",\"name\":\"Lux Concept\",\"description\":\"Fabrica\u00e7\u00e3o de lumin\u00e1rias com tecnologia LED\",\"publisher\":{\"@id\":\"https:\\\/\\\/luxconcept.com.br\\\/#organization\"},\"potentialAction\":[{\"@type\":\"SearchAction\",\"target\":{\"@type\":\"EntryPoint\",\"urlTemplate\":\"https:\\\/\\\/luxconcept.com.br\\\/?s={search_term_string}\"},\"query-input\":{\"@type\":\"PropertyValueSpecification\",\"valueRequired\":true,\"valueName\":\"search_term_string\"}}],\"inLanguage\":\"en-US\"},{\"@type\":\"Organization\",\"@id\":\"https:\\\/\\\/luxconcept.com.br\\\/#organization\",\"name\":\"Lux Concept\",\"url\":\"https:\\\/\\\/luxconcept.com.br\\\/\",\"logo\":{\"@type\":\"ImageObject\",\"inLanguage\":\"en-US\",\"@id\":\"https:\\\/\\\/luxconcept.com.br\\\/#\\\/schema\\\/logo\\\/image\\\/\",\"url\":\"http:\\\/\\\/luxconcept.com.br\\\/wp-content\\\/uploads\\\/2025\\\/01\\\/logo-500px.png\",\"contentUrl\":\"http:\\\/\\\/luxconcept.com.br\\\/wp-content\\\/uploads\\\/2025\\\/01\\\/logo-500px.png\",\"width\":500,\"height\":198,\"caption\":\"Lux Concept\"},\"image\":{\"@id\":\"https:\\\/\\\/luxconcept.com.br\\\/#\\\/schema\\\/logo\\\/image\\\/\"}}]}<\/script>\n<!-- \/ Yoast SEO plugin. -->","yoast_head_json":{"title":"Segmentos - Lux Concept","robots":{"index":"index","follow":"follow","max-snippet":"max-snippet:-1","max-image-preview":"max-image-preview:large","max-video-preview":"max-video-preview:-1"},"canonical":"https:\/\/luxconcept.com.br\/en\/segmentos\/","og_locale":"en_US","og_type":"article","og_title":"Segmentos - Lux Concept","og_description":"01 Ilumina\u00e7\u00e3o Residencial Solu\u00e7\u00f5es completas e diferenciadas. Saiba mais 02 Ilumina\u00e7\u00e3o Comercial Excelente custo-benef\u00edcio e variedade de produtos. Saiba mais 03 Ilumina\u00e7\u00e3o Industrial Ampla gama de \u00e2ngulos de facho e tamanhos dispon\u00edveis. Saiba mais 04 Ilumina\u00e7\u00e3o Esportiva Alta pot\u00eancia e longo alcance do fluxo luminoso Saiba mais 05 Ilumina\u00e7\u00e3o P\u00fablica Vi\u00e1ria Op\u00e7\u00f5es variadas de lentes [&hellip;]","og_url":"https:\/\/luxconcept.com.br\/en\/segmentos\/","og_site_name":"Lux Concept","article_modified_time":"2025-01-29T15:13:42+00:00","og_image":[{"url":"https:\/\/devtestemangue.com.br\/valber\/lux-concept\/wp-content\/uploads\/2023\/01\/iluminacao-de-led-residencial-1200x731.jpg","type":"","width":"","height":""}],"twitter_card":"summary_large_image","twitter_misc":{"Est. reading time":"2 minutes"},"schema":{"@context":"https:\/\/schema.org","@graph":[{"@type":"WebPage","@id":"https:\/\/luxconcept.com.br\/segmentos\/","url":"https:\/\/luxconcept.com.br\/segmentos\/","name":"Segmentos - Lux Concept","isPartOf":{"@id":"https:\/\/luxconcept.com.br\/#website"},"primaryImageOfPage":{"@id":"https:\/\/luxconcept.com.br\/segmentos\/#primaryimage"},"image":{"@id":"https:\/\/luxconcept.com.br\/segmentos\/#primaryimage"},"thumbnailUrl":"https:\/\/devtestemangue.com.br\/valber\/lux-concept\/wp-content\/uploads\/2023\/01\/iluminacao-de-led-residencial-1200x731.jpg","datePublished":"2023-01-10T15:27:50+00:00","dateModified":"2025-01-29T15:13:42+00:00","breadcrumb":{"@id":"https:\/\/luxconcept.com.br\/segmentos\/#breadcrumb"},"inLanguage":"en-US","potentialAction":[{"@type":"ReadAction","target":["https:\/\/luxconcept.com.br\/segmentos\/"]}]},{"@type":"ImageObject","inLanguage":"en-US","@id":"https:\/\/luxconcept.com.br\/segmentos\/#primaryimage","url":"https:\/\/devtestemangue.com.br\/valber\/lux-concept\/wp-content\/uploads\/2023\/01\/iluminacao-de-led-residencial-1200x731.jpg","contentUrl":"https:\/\/devtestemangue.com.br\/valber\/lux-concept\/wp-content\/uploads\/2023\/01\/iluminacao-de-led-residencial-1200x731.jpg"},{"@type":"BreadcrumbList","@id":"https:\/\/luxconcept.com.br\/segmentos\/#breadcrumb","itemListElement":[{"@type":"ListItem","position":1,"name":"In\u00edcio","item":"https:\/\/luxconcept.com.br\/"},{"@type":"ListItem","position":2,"name":"Segmentos"}]},{"@type":"WebSite","@id":"https:\/\/luxconcept.com.br\/#website","url":"https:\/\/luxconcept.com.br\/","name":"Lux Concept","description":"Fabrica\u00e7\u00e3o de lumin\u00e1rias com tecnologia LED","publisher":{"@id":"https:\/\/luxconcept.com.br\/#organization"},"potentialAction":[{"@type":"SearchAction","target":{"@type":"EntryPoint","urlTemplate":"https:\/\/luxconcept.com.br\/?s={search_term_string}"},"query-input":{"@type":"PropertyValueSpecification","valueRequired":true,"valueName":"search_term_string"}}],"inLanguage":"en-US"},{"@type":"Organization","@id":"https:\/\/luxconcept.com.br\/#organization","name":"Lux Concept","url":"https:\/\/luxconcept.com.br\/","logo":{"@type":"ImageObject","inLanguage":"en-US","@id":"https:\/\/luxconcept.com.br\/#\/schema\/logo\/image\/","url":"http:\/\/luxconcept.com.br\/wp-content\/uploads\/2025\/01\/logo-500px.png","contentUrl":"http:\/\/luxconcept.com.br\/wp-content\/uploads\/2025\/01\/logo-500px.png","width":500,"height":198,"caption":"Lux Concept"},"image":{"@id":"https:\/\/luxconcept.com.br\/#\/schema\/logo\/image\/"}}]}},"_links":{"self":[{"href":"https:\/\/luxconcept.com.br\/en\/wp-json\/wp\/v2\/pages\/30","targetHints":{"allow":["GET"]}}],"collection":[{"href":"https:\/\/luxconcept.com.br\/en\/wp-json\/wp\/v2\/pages"}],"about":[{"href":"https:\/\/luxconcept.com.br\/en\/wp-json\/wp\/v2\/types\/page"}],"author":[{"embeddable":true,"href":"https:\/\/luxconcept.com.br\/en\/wp-json\/wp\/v2\/users\/1"}],"replies":[{"embeddable":true,"href":"https:\/\/luxconcept.com.br\/en\/wp-json\/wp\/v2\/comments?post=30"}],"version-history":[{"count":20,"href":"https:\/\/luxconcept.com.br\/en\/wp-json\/wp\/v2\/pages\/30\/revisions"}],"predecessor-version":[{"id":5439,"href":"https:\/\/luxconcept.com.br\/en\/wp-json\/wp\/v2\/pages\/30\/revisions\/5439"}],"wp:attachment":[{"href":"https:\/\/luxconcept.com.br\/en\/wp-json\/wp\/v2\/media?parent=30"}],"curies":[{"name":"wp","href":"https:\/\/api.w.org\/{rel}","templated":true}]}}